{"id":2,"date":"2025-10-07T08:51:48","date_gmt":"2025-10-07T08:51:48","guid":{"rendered":"https:\/\/ki-antike.de\/?page_id=2"},"modified":"2026-02-03T09:52:28","modified_gmt":"2026-02-03T08:52:28","slug":"sample-page","status":"publish","type":"page","link":"https:\/\/ki-antike.de\/","title":{"rendered":"KI-Antike Homepage"},"content":{"rendered":"\n\n\n<p>Willkommen auf dieser Website, die im Rahmen des aktuellen WueDive-Projektseminars <a href=\"https:\/\/ki-antike.de\/index.php\/wuedive\/\">\u201eKI-gest\u00fctzte Lehrvideos zur griechisch-r\u00f6mischen Antike\u201c<\/a> an der Universit\u00e4t W\u00fcrzburg entstanden ist. Hier werden digitale, teils KI-gest\u00fctzte Materialien zur griechisch-r\u00f6mischen Antike geb\u00fcndelt und f\u00fcr Lehr- und Lernzwecke zug\u00e4nglich gemacht. Zugleich verstehen wir die Seite als offenes Projekt: F\u00fcr Kooperationen, Anregungen und die Aufnahme weiterer Materialien sind wir ausdr\u00fccklich offen und freuen uns \u00fcber eine <a href=\"https:\/\/ki-antike.de\/index.php\/kontakt\/\" data-type=\"page\" data-id=\"107\">Kontaktaufnahme<\/a>.<\/p>\n\n\n\n<p><\/p>\n","protected":false},"excerpt":{"rendered":"<p>Willkommen auf dieser Website, die im Rahmen des aktuellen WueDive-Projektseminars \u201eKI-gest\u00fctzte Lehrvideos zur griechisch-r\u00f6mischen Antike\u201c an der Universit\u00e4t W\u00fcrzburg entstanden ist. Hier werden digitale, teils KI-gest\u00fctzte Materialien zur griechisch-r\u00f6mischen Antike geb\u00fcndelt und f\u00fcr Lehr- und Lernzwecke zug\u00e4nglich gemacht. Zugleich verstehen wir die Seite als offenes Projekt: F\u00fcr Kooperationen, Anregungen und die Aufnahme weiterer Materialien sind [&hellip;]<\/p>\n","protected":false},"author":1,"featured_media":20,"parent":0,"menu_order":0,"comment_status":"closed","ping_status":"closed","template":"","meta":{"footnotes":""},"class_list":["post-2","page","type-page","status-publish","has-post-thumbnail","hentry"],"blocksy_meta":{"has_hero_section":"disabled","hero_section":"type-1","page_structure_type":"default","disable_featured_image":"no","content_style_source":"inherit","vertical_spacing_source":"inherit","styles_descriptor":{"styles":{"desktop":"","tablet":"","mobile":""},"google_fonts":[],"version":6}},"_links":{"self":[{"href":"https:\/\/ki-antike.de\/index.php\/wp-json\/wp\/v2\/pages\/2","targetHints":{"allow":["GET"]}}],"collection":[{"href":"https:\/\/ki-antike.de\/index.php\/wp-json\/wp\/v2\/pages"}],"about":[{"href":"https:\/\/ki-antike.de\/index.php\/wp-json\/wp\/v2\/types\/page"}],"author":[{"embeddable":true,"href":"https:\/\/ki-antike.de\/index.php\/wp-json\/wp\/v2\/users\/1"}],"replies":[{"embeddable":true,"href":"https:\/\/ki-antike.de\/index.php\/wp-json\/wp\/v2\/comments?post=2"}],"version-history":[{"count":17,"href":"https:\/\/ki-antike.de\/index.php\/wp-json\/wp\/v2\/pages\/2\/revisions"}],"predecessor-version":[{"id":817,"href":"https:\/\/ki-antike.de\/index.php\/wp-json\/wp\/v2\/pages\/2\/revisions\/817"}],"wp:featuredmedia":[{"embeddable":true,"href":"https:\/\/ki-antike.de\/index.php\/wp-json\/wp\/v2\/media\/20"}],"wp:attachment":[{"href":"https:\/\/ki-antike.de\/index.php\/wp-json\/wp\/v2\/media?parent=2"}],"curies":[{"name":"wp","href":"https:\/\/api.w.org\/{rel}","templated":true}]}}