{"id":107,"date":"2026-01-11T12:15:25","date_gmt":"2026-01-11T11:15:25","guid":{"rendered":"https:\/\/ki-antike.de\/?page_id=107"},"modified":"2026-02-03T16:25:25","modified_gmt":"2026-02-03T15:25:25","slug":"kontakt","status":"publish","type":"page","link":"https:\/\/ki-antike.de\/index.php\/kontakt\/","title":{"rendered":"Kontakt"},"content":{"rendered":"\n<h3 class=\"wp-block-heading\">Kontakt<\/h3>\n\n\n\n<h4 class=\"wp-block-heading\">Kooperation<\/h4>\n\n\n\n<p>Wenn Sie selbst Materialien, Projekte oder Beitr\u00e4ge beisteuern m\u00f6chten, die thematisch zur Website passen, freuen wir uns \u00fcber Ihre Kontaktaufnahme. Kooperationsanfragen oder Hinweise auf geeignete Inhalte k\u00f6nnen gerne per E-Mail an <a href=\"mailto:maria.osmers@uni-wuerzburg.de\" target=\"_blank\" rel=\"noreferrer noopener\">maria.osmers@uni-wuerzburg.de<\/a>, <a href=\"mailto:anton.glueer@uni-wuerzburg.de\" target=\"_blank\" rel=\"noreferrer noopener\">anton.glueer@uni-wuerzburg.de<\/a> oder <a href=\"mailto:jan.hessler@uni-wuerzburg.de\">jan.hessler@uni-wuerzburg.de<\/a> gerichtet werden.<\/p>\n\n\n\n<h4 class=\"wp-block-heading\">Feedback zur Website<\/h4>\n\n\n\n<p>Wir freuen uns \u00fcber Ihre Anregungen und Verbesserungsvorschl\u00e4ge zu unserer Website. Bitte senden Sie Ihr Feedback per E-Mail an: <a href=\"mailto:johanneslukas.kern@icloud.com\">johanneslukas.kern@icloud.com<\/a>.<\/p>\n\n\n\n<p>Vielen Dank f\u00fcr Ihre Unterst\u00fctzung, unsere Website stetig zu verbessern!<\/p>\n\n\n\n<figure class=\"wp-block-image size-full is-resized is-style-rounded\" style=\"margin-top:0;margin-bottom:0\"><img loading=\"lazy\" decoding=\"async\" width=\"1536\" height=\"1024\" src=\"https:\/\/ki-antike.de\/wp-content\/uploads\/2026\/01\/4970D000-D65A-4DD9-9037-64FF47643DE1.png\" alt=\"\" class=\"wp-image-288\" style=\"width:1190px;height:auto\" srcset=\"https:\/\/ki-antike.de\/wp-content\/uploads\/2026\/01\/4970D000-D65A-4DD9-9037-64FF47643DE1.png 1536w, https:\/\/ki-antike.de\/wp-content\/uploads\/2026\/01\/4970D000-D65A-4DD9-9037-64FF47643DE1-300x200.png 300w, https:\/\/ki-antike.de\/wp-content\/uploads\/2026\/01\/4970D000-D65A-4DD9-9037-64FF47643DE1-1024x683.png 1024w, https:\/\/ki-antike.de\/wp-content\/uploads\/2026\/01\/4970D000-D65A-4DD9-9037-64FF47643DE1-768x512.png 768w\" sizes=\"auto, (max-width: 1536px) 100vw, 1536px\" \/><\/figure>\n","protected":false},"excerpt":{"rendered":"<p>Kontakt Kooperation Wenn Sie selbst Materialien, Projekte oder Beitr\u00e4ge beisteuern m\u00f6chten, die thematisch zur Website passen, freuen wir uns \u00fcber Ihre Kontaktaufnahme. Kooperationsanfragen oder Hinweise auf geeignete Inhalte k\u00f6nnen gerne per E-Mail an maria.osmers@uni-wuerzburg.de, anton.glueer@uni-wuerzburg.de oder jan.hessler@uni-wuerzburg.de gerichtet werden. Feedback zur Website Wir freuen uns \u00fcber Ihre Anregungen und Verbesserungsvorschl\u00e4ge zu unserer Website. Bitte senden [&hellip;]<\/p>\n","protected":false},"author":1,"featured_media":0,"parent":0,"menu_order":0,"comment_status":"closed","ping_status":"closed","template":"","meta":{"footnotes":""},"class_list":["post-107","page","type-page","status-publish","hentry"],"blocksy_meta":{"has_hero_section":"disabled","styles_descriptor":{"styles":{"desktop":"","tablet":"","mobile":""},"google_fonts":[],"version":6}},"_links":{"self":[{"href":"https:\/\/ki-antike.de\/index.php\/wp-json\/wp\/v2\/pages\/107","targetHints":{"allow":["GET"]}}],"collection":[{"href":"https:\/\/ki-antike.de\/index.php\/wp-json\/wp\/v2\/pages"}],"about":[{"href":"https:\/\/ki-antike.de\/index.php\/wp-json\/wp\/v2\/types\/page"}],"author":[{"embeddable":true,"href":"https:\/\/ki-antike.de\/index.php\/wp-json\/wp\/v2\/users\/1"}],"replies":[{"embeddable":true,"href":"https:\/\/ki-antike.de\/index.php\/wp-json\/wp\/v2\/comments?post=107"}],"version-history":[{"count":5,"href":"https:\/\/ki-antike.de\/index.php\/wp-json\/wp\/v2\/pages\/107\/revisions"}],"predecessor-version":[{"id":828,"href":"https:\/\/ki-antike.de\/index.php\/wp-json\/wp\/v2\/pages\/107\/revisions\/828"}],"wp:attachment":[{"href":"https:\/\/ki-antike.de\/index.php\/wp-json\/wp\/v2\/media?parent=107"}],"curies":[{"name":"wp","href":"https:\/\/api.w.org\/{rel}","templated":true}]}}